{"id":2178,"date":"2017-06-09T17:00:09","date_gmt":"2017-06-09T15:00:09","guid":{"rendered":"https:\/\/www.ceremoniedereve.com\/ceremonie-a-letranger\/"},"modified":"2023-12-12T22:43:22","modified_gmt":"2023-12-12T21:43:22","slug":"ceremonie-a-letranger","status":"publish","type":"page","link":"https:\/\/www.ceremoniedereve.com\/en\/ceremonie-a-letranger","title":{"rendered":"C\u00e9r\u00e9monie \u00e0 l&#8217;\u00e9tranger"},"content":{"rendered":"\n<style type=\"text\/css\" data-created_by=\"avia_inline_auto\" id=\"style-css-av-vd9z27-73e017c6d0e05fdbe6dd8f09c7a7be7e\">\n.flex_column.av-vd9z27-73e017c6d0e05fdbe6dd8f09c7a7be7e{\nborder-radius:0px 0px 0px 0px;\npadding:0px 0px 0px 0px;\n}\n<\/style>\n<div  class='flex_column av-vd9z27-73e017c6d0e05fdbe6dd8f09c7a7be7e av_one_full  avia-builder-el-0  el_before_av_hr  avia-builder-el-first  first flex_column_div av-zero-column-padding  '     ><section  class='av_textblock_section av-sly87j-b6caf0fe0ee664ccf42f81fa85bd94a7 '   itemscope=\"itemscope\" itemtype=\"https:\/\/schema.org\/CreativeWork\" ><div class='avia_textblock'  itemprop=\"text\" ><h2 style=\"text-align: center;\">Vous r\u00eavez d&#8217;une c\u00e9r\u00e9monie \u00e0 l&#8217;\u00e9tranger ?<\/h2>\n<p>Nos <a href=\"https:\/\/www.ceremoniedereve.com\/en\/ceremony-officiants\">officiants la\u00efques<\/a> vous accompagnent dans votre projet de <strong>Destination Wedding<\/strong> ! Ils sont pr\u00eats \u00e0 concevoir votre c\u00e9r\u00e9monie symbolique en France et \u00e0 se d\u00e9placer \u00e0 l&#8217;autre bout du monde pour c\u00e9l\u00e9brer votre mariage en fran\u00e7ais et\/ou en anglais o\u00f9 que vous le souhaitiez.<\/p>\n<\/div><\/section><\/div>\n<style type=\"text\/css\" data-created_by=\"avia_inline_auto\" id=\"style-css-av-rf0vhr-8e4aa77ac3a4d6088a54b7c73cf50954\">\n#top .hr.hr-invisible.av-rf0vhr-8e4aa77ac3a4d6088a54b7c73cf50954{\nheight:40px;\n}\n<\/style>\n<div  class='hr av-rf0vhr-8e4aa77ac3a4d6088a54b7c73cf50954 hr-invisible  avia-builder-el-2  el_after_av_one_full  el_before_av_one_half '><span class='hr-inner '><span class=\"hr-inner-style\"><\/span><\/span><\/div><\/p>\n\n<style type=\"text\/css\" data-created_by=\"avia_inline_auto\" id=\"style-css-av-qea7r3-f3958d6140d2210b956907a27144a77e\">\n.flex_column.av-qea7r3-f3958d6140d2210b956907a27144a77e{\nborder-radius:0px 0px 0px 0px;\npadding:0px 0px 0px 0px;\n}\n<\/style>\n<div  class='flex_column av-qea7r3-f3958d6140d2210b956907a27144a77e av_one_half  avia-builder-el-3  el_after_av_hr  el_before_av_one_half  first flex_column_div av-zero-column-padding  '     ><section  class='av_textblock_section av-o7w2j3-c385e3a95489affda4ca0e873c37043d '   itemscope=\"itemscope\" itemtype=\"https:\/\/schema.org\/CreativeWork\" ><div class='avia_textblock'  itemprop=\"text\" ><h3 style=\"text-align: justify;\">CR\u00c8TE, GR\u00c8CE<\/h3>\n<p style=\"text-align: justify;\">Comme pour plusieurs \u00eeles grecques, la Cr\u00e8te offre un cadre envo\u00fbtant pour votre c\u00e9r\u00e9monie de mariage. Plongez au c\u0153ur de la Gr\u00e8ce antique et laissez-vous porter par la beaut\u00e9 de ses plages de sable, ses villages pittoresques, et son riche patrimoine culturel.<\/p>\n<p style=\"text-align: justify;\">Que ce soit sur une plage isol\u00e9e face \u00e0 la mer \u00c9g\u00e9e, au c\u0153ur d&#8217;un charmant village cr\u00e9tois, ou dans un cadre historique, nous pouvons personnaliser votre c\u00e9r\u00e9monie la\u00efque pour qu&#8217;elle refl\u00e8te vos r\u00eaves les plus fous.<\/p>\n<\/div><\/section><\/div>\n\n<style type=\"text\/css\" data-created_by=\"avia_inline_auto\" id=\"style-css-av-n3viyn-d87b3e25d49db5771a307de5fe4a889c\">\n.flex_column.av-n3viyn-d87b3e25d49db5771a307de5fe4a889c{\nborder-radius:0px 0px 0px 0px;\npadding:0px 0px 0px 0px;\n}\n<\/style>\n<div  class='flex_column av-n3viyn-d87b3e25d49db5771a307de5fe4a889c av_one_half  avia-builder-el-5  el_after_av_one_half  el_before_av_one_half  flex_column_div av-zero-column-padding  '     ><style type=\"text\/css\" data-created_by=\"avia_inline_auto\" id=\"style-css-av-leqb4v-decc1df262596f914ce8121e598c60f2\">\n.avia-image-container.av-leqb4v-decc1df262596f914ce8121e598c60f2 img.avia_image{\nbox-shadow:none;\n}\n.avia-image-container.av-leqb4v-decc1df262596f914ce8121e598c60f2 .av-image-caption-overlay-center{\ncolor:#ffffff;\n}\n<\/style>\n<div  class='avia-image-container av-leqb4v-decc1df262596f914ce8121e598c60f2 av-styling- avia-align-center  avia-builder-el-6  avia-builder-el-no-sibling '   itemprop=\"image\" itemscope=\"itemscope\" itemtype=\"https:\/\/schema.org\/ImageObject\" ><div class=\"avia-image-container-inner\"><div class=\"avia-image-overlay-wrap\"><img decoding=\"async\" fetchpriority=\"high\" class='wp-image-3270 avia-img-lazy-loading-not-3270 avia_image ' src=\"https:\/\/www.ceremoniedereve.com\/wp-content\/uploads\/2023\/10\/ceremonie-crete.png\" alt='ceremonie-crete' title='ceremonie-crete'  height=\"410\" width=\"518\"  itemprop=\"thumbnailUrl\" srcset=\"https:\/\/www.ceremoniedereve.com\/wp-content\/uploads\/2023\/10\/ceremonie-crete.png 518w, https:\/\/www.ceremoniedereve.com\/wp-content\/uploads\/2023\/10\/ceremonie-crete-250x198.png 250w\" sizes=\"(max-width: 518px) 100vw, 518px\" \/><\/div><\/div><\/div><\/div>\n\n<style type=\"text\/css\" data-created_by=\"avia_inline_auto\" id=\"style-css-av-j2eoq7-57003a4c8a84da00432b1cd628f4e41b\">\n.flex_column.av-j2eoq7-57003a4c8a84da00432b1cd628f4e41b{\nborder-radius:0px 0px 0px 0px;\npadding:0px 0px 0px 0px;\n}\n<\/style>\n<div  class='flex_column av-j2eoq7-57003a4c8a84da00432b1cd628f4e41b av_one_half  avia-builder-el-7  el_after_av_one_half  el_before_av_one_half  first flex_column_div av-zero-column-padding  column-top-margin'     ><style type=\"text\/css\" data-created_by=\"avia_inline_auto\" id=\"style-css-av-hwoudb-7bde7595c6fadd94c89f90403e80436d\">\n.avia-image-container.av-hwoudb-7bde7595c6fadd94c89f90403e80436d img.avia_image{\nbox-shadow:none;\n}\n.avia-image-container.av-hwoudb-7bde7595c6fadd94c89f90403e80436d .av-image-caption-overlay-center{\ncolor:#ffffff;\n}\n<\/style>\n<div  class='avia-image-container av-hwoudb-7bde7595c6fadd94c89f90403e80436d av-styling- avia-align-center  avia-builder-el-8  avia-builder-el-no-sibling '   itemprop=\"image\" itemscope=\"itemscope\" itemtype=\"https:\/\/schema.org\/ImageObject\" ><div class=\"avia-image-container-inner\"><div class=\"avia-image-overlay-wrap\"><img decoding=\"async\" fetchpriority=\"high\" class='wp-image-2183 avia-img-lazy-loading-not-2183 avia_image ' src=\"https:\/\/www.ceremoniedereve.com\/wp-content\/uploads\/2020\/03\/Capture-d\u2019\u00e9cran-2020-03-23-\u00e0-11.00.26-300x218.png\" alt='Mariage \u00e0 Punta Cana' title='Capture d\u2019\u00e9cran 2020-03-23 \u00e0 11.00.26'  height=\"218\" width=\"300\"  itemprop=\"thumbnailUrl\" srcset=\"https:\/\/www.ceremoniedereve.com\/wp-content\/uploads\/2020\/03\/Capture-d\u2019\u00e9cran-2020-03-23-\u00e0-11.00.26-300x218.png 300w, https:\/\/www.ceremoniedereve.com\/wp-content\/uploads\/2020\/03\/Capture-d\u2019\u00e9cran-2020-03-23-\u00e0-11.00.26-768x559.png 768w, https:\/\/www.ceremoniedereve.com\/wp-content\/uploads\/2020\/03\/Capture-d\u2019\u00e9cran-2020-03-23-\u00e0-11.00.26-705x513.png 705w, https:\/\/www.ceremoniedereve.com\/wp-content\/uploads\/2020\/03\/Capture-d\u2019\u00e9cran-2020-03-23-\u00e0-11.00.26-450x327.png 450w, https:\/\/www.ceremoniedereve.com\/wp-content\/uploads\/2020\/03\/Capture-d\u2019\u00e9cran-2020-03-23-\u00e0-11.00.26.png 954w\" sizes=\"(max-width: 300px) 100vw, 300px\" \/><\/div><\/div><\/div><\/div>\n\n<style type=\"text\/css\" data-created_by=\"avia_inline_auto\" id=\"style-css-av-d54sen-154284fa55539582b0817715f89fa461\">\n.flex_column.av-d54sen-154284fa55539582b0817715f89fa461{\nborder-radius:0px 0px 0px 0px;\npadding:0px 0px 0px 0px;\n}\n<\/style>\n<div  class='flex_column av-d54sen-154284fa55539582b0817715f89fa461 av_one_half  avia-builder-el-9  el_after_av_one_half  el_before_av_one_half  flex_column_div av-zero-column-padding  column-top-margin'     ><section  class='av_textblock_section av-b2x3un-31bc3c87aac1729913315f8489cf6fae '   itemscope=\"itemscope\" itemtype=\"https:\/\/schema.org\/CreativeWork\" ><div class='avia_textblock'  itemprop=\"text\" ><h3 style=\"text-align: justify;\">PUNTA CANA<\/h3>\n<p style=\"text-align: justify;\">Punta Cana, un coin de paradis ensoleill\u00e9, cette destination se r\u00e9v\u00e8le comme l&#8217;endroit id\u00e9al pour votre c\u00e9r\u00e9monie la\u00efque de r\u00eave. Immergez-vous dans ses plages de sable blanc, son atmosph\u00e8re paisible, et son charme exotique.<\/p>\n<p style=\"text-align: justify;\">Que ce soit les pieds dans le sable sur une plage immacul\u00e9e, au c\u0153ur d&#8217;un d\u00e9cor tropical, ou dans un cadre romantique, nous pouvons personnaliser votre c\u00e9r\u00e9monie la\u00efque \u00e0 Punta Cana pour qu&#8217;elle incarne vos d\u00e9sirs les plus profonds.<\/p>\n<\/div><\/section><\/div>\n\n<style type=\"text\/css\" data-created_by=\"avia_inline_auto\" id=\"style-css-av-d54sen-2-7ac1147d66be351e74f369916281f2a1\">\n.flex_column.av-d54sen-2-7ac1147d66be351e74f369916281f2a1{\nborder-radius:0px 0px 0px 0px;\npadding:0px 0px 0px 0px;\n}\n<\/style>\n<div  class='flex_column av-d54sen-2-7ac1147d66be351e74f369916281f2a1 av_one_half  avia-builder-el-11  el_after_av_one_half  el_before_av_one_half  first flex_column_div av-zero-column-padding  column-top-margin'     ><section  class='av_textblock_section av-b2x3un-1-1f6d3e56bd5948728700829b19137f12 '   itemscope=\"itemscope\" itemtype=\"https:\/\/schema.org\/CreativeWork\" ><div class='avia_textblock'  itemprop=\"text\" ><h3 style=\"text-align: justify;\">NEW YORK<\/h3>\n<p style=\"text-align: justify;\">Explorez New York, la ville qui ne dort jamais, pour une c\u00e9r\u00e9monie d&#8217;engagement inoubliable. Plongez au c\u0153ur de la Big Apple et laissez-vous s\u00e9duire par les gratte-ciel embl\u00e9matiques, les parcs empreints d&#8217;histoire, et les divers quartiers culturels.<\/p>\n<p style=\"text-align: justify;\">Que vous envisagiez une c\u00e9r\u00e9monie sur un toit-terrasse avec vue sur la Skyline, dans Central Park, ou dans un lieu historique, nous personnaliserons votre c\u00e9r\u00e9monie la\u00efque pour qu&#8217;elle c\u00e9l\u00e8bre l&#8217;\u00e9nergie vibrante de New York et corresponde \u00e0 vos d\u00e9sirs.<\/p>\n<\/div><\/section><\/div>\n\n<style type=\"text\/css\" data-created_by=\"avia_inline_auto\" id=\"style-css-av-9cjy8f-8be8d6dac0902157956e3b973094c639\">\n.flex_column.av-9cjy8f-8be8d6dac0902157956e3b973094c639{\nborder-radius:0px 0px 0px 0px;\npadding:0px 0px 0px 0px;\n}\n<\/style>\n<div  class='flex_column av-9cjy8f-8be8d6dac0902157956e3b973094c639 av_one_half  avia-builder-el-13  el_after_av_one_half  el_before_av_hr  flex_column_div av-zero-column-padding  column-top-margin'     ><style type=\"text\/css\" data-created_by=\"avia_inline_auto\" id=\"style-css-av-7ly09b-3d921d142e43b9a18e264dc50db1ff18\">\n.avia-image-container.av-7ly09b-3d921d142e43b9a18e264dc50db1ff18 img.avia_image{\nbox-shadow:none;\n}\n.avia-image-container.av-7ly09b-3d921d142e43b9a18e264dc50db1ff18 .av-image-caption-overlay-center{\ncolor:#ffffff;\n}\n<\/style>\n<div  class='avia-image-container av-7ly09b-3d921d142e43b9a18e264dc50db1ff18 av-styling- avia-align-center  avia-builder-el-14  avia-builder-el-no-sibling '   itemprop=\"image\" itemscope=\"itemscope\" itemtype=\"https:\/\/schema.org\/ImageObject\" ><div class=\"avia-image-container-inner\"><div class=\"avia-image-overlay-wrap\"><img decoding=\"async\" fetchpriority=\"high\" class='wp-image-3308 avia-img-lazy-loading-not-3308 avia_image ' src=\"https:\/\/www.ceremoniedereve.com\/wp-content\/uploads\/2023\/10\/couple-new-york.png\" alt='couple-new-york' title='couple-new-york'  height=\"410\" width=\"518\"  itemprop=\"thumbnailUrl\" srcset=\"https:\/\/www.ceremoniedereve.com\/wp-content\/uploads\/2023\/10\/couple-new-york.png 518w, https:\/\/www.ceremoniedereve.com\/wp-content\/uploads\/2023\/10\/couple-new-york-250x198.png 250w\" sizes=\"(max-width: 518px) 100vw, 518px\" \/><\/div><\/div><\/div><\/div>\n<div  class='hr av-6fonqn-c9a0fe6aa983aa2eff80859c6ad7b372 hr-default  avia-builder-el-15  el_after_av_one_half  el_before_av_one_full '><span class='hr-inner '><span class=\"hr-inner-style\"><\/span><\/span><\/div>\n\n<style type=\"text\/css\" data-created_by=\"avia_inline_auto\" id=\"style-css-av-3x2p6n-9b6535b24cd7a491168b0077e4a93e2e\">\n.flex_column.av-3x2p6n-9b6535b24cd7a491168b0077e4a93e2e{\nborder-radius:0px 0px 0px 0px;\npadding:0px 0px 0px 0px;\n}\n<\/style>\n<div  class='flex_column av-3x2p6n-9b6535b24cd7a491168b0077e4a93e2e av_one_full  avia-builder-el-16  el_after_av_hr  avia-builder-el-last  first flex_column_div av-zero-column-padding  '     ><section  class='av_textblock_section av-228ktb-27e66cc2d861fb42ca864f8d39411546 '   itemscope=\"itemscope\" itemtype=\"https:\/\/schema.org\/CreativeWork\" ><div class='avia_textblock'  itemprop=\"text\" ><p style=\"text-align: center;\"><a href=\"https:\/\/www.ceremoniedereve.com\/en\/contact-us\">Contactez-nous<\/a> pour plus d&#8217;informations !<\/p>\n<\/div><\/section><\/div>\n","protected":false},"excerpt":{"rendered":"","protected":false},"author":3,"featured_media":0,"parent":0,"menu_order":0,"comment_status":"closed","ping_status":"closed","template":"","meta":{"_exactmetrics_skip_tracking":false,"_exactmetrics_sitenote_active":false,"_exactmetrics_sitenote_note":"","_exactmetrics_sitenote_category":0,"footnotes":""},"class_list":["post-2178","page","type-page","status-publish","hentry"],"yoast_head":"<!-- This site is optimized with the Yoast SEO plugin v26.9 - https:\/\/yoast.com\/product\/yoast-seo-wordpress\/ -->\n<title>C\u00e9r\u00e9monie de mariage \u00e0 l&#039;\u00e9tranger - C\u00e9r\u00e9monie de R\u00eave by FLOVINNO<\/title>\n<meta name=\"description\" content=\"Nous vous accompagnons dans votre c\u00e9r\u00e9monie \u00e0 l&#039;\u00e9tranger. Partez vous marier le coeur l\u00e9g\u00e9, venez d\u00e9couvrir nos 6 destinations de r\u00eaves !\" \/>\n<meta name=\"robots\" content=\"index, follow, max-snippet:-1, max-image-preview:large, max-video-preview:-1\" \/>\n<link rel=\"canonical\" href=\"https:\/\/www.ceremoniedereve.com\/en\/ceremonie-a-letranger\" \/>\n<meta property=\"og:locale\" content=\"en_US\" \/>\n<meta property=\"og:type\" content=\"article\" \/>\n<meta property=\"og:title\" content=\"C\u00e9r\u00e9monie de mariage \u00e0 l&#039;\u00e9tranger - C\u00e9r\u00e9monie de R\u00eave by FLOVINNO\" \/>\n<meta property=\"og:description\" content=\"Nous vous accompagnons dans votre c\u00e9r\u00e9monie \u00e0 l&#039;\u00e9tranger. Partez vous marier le coeur l\u00e9g\u00e9, venez d\u00e9couvrir nos 6 destinations de r\u00eaves !\" \/>\n<meta property=\"og:url\" content=\"https:\/\/www.ceremoniedereve.com\/en\/ceremonie-a-letranger\" \/>\n<meta property=\"og:site_name\" content=\"C\u00e9r\u00e9monie de R\u00eave by FLOVINNO\" \/>\n<meta property=\"article:publisher\" content=\"https:\/\/www.facebook.com\/flovinno.wedding.planner\/\" \/>\n<meta property=\"article:modified_time\" content=\"2023-12-12T21:43:22+00:00\" \/>\n<meta name=\"twitter:card\" content=\"summary_large_image\" \/>\n<meta name=\"twitter:site\" content=\"@nocedereve\" \/>\n<meta name=\"twitter:label1\" content=\"Est. reading time\" \/>\n\t<meta name=\"twitter:data1\" content=\"8 minutes\" \/>\n<script type=\"application\/ld+json\" class=\"yoast-schema-graph\">{\"@context\":\"https:\/\/schema.org\",\"@graph\":[{\"@type\":\"WebPage\",\"@id\":\"https:\/\/www.ceremoniedereve.com\/en\/ceremonie-a-letranger\",\"url\":\"https:\/\/www.ceremoniedereve.com\/en\/ceremonie-a-letranger\",\"name\":\"C\u00e9r\u00e9monie de mariage \u00e0 l'\u00e9tranger - C\u00e9r\u00e9monie de R\u00eave by FLOVINNO\",\"isPartOf\":{\"@id\":\"https:\/\/www.ceremoniedereve.com\/#website\"},\"datePublished\":\"2017-06-09T15:00:09+00:00\",\"dateModified\":\"2023-12-12T21:43:22+00:00\",\"description\":\"Nous vous accompagnons dans votre c\u00e9r\u00e9monie \u00e0 l'\u00e9tranger. Partez vous marier le coeur l\u00e9g\u00e9, venez d\u00e9couvrir nos 6 destinations de r\u00eaves !\",\"breadcrumb\":{\"@id\":\"https:\/\/www.ceremoniedereve.com\/en\/ceremonie-a-letranger#breadcrumb\"},\"inLanguage\":\"en-US\",\"potentialAction\":[{\"@type\":\"ReadAction\",\"target\":[\"https:\/\/www.ceremoniedereve.com\/en\/ceremonie-a-letranger\"]}]},{\"@type\":\"BreadcrumbList\",\"@id\":\"https:\/\/www.ceremoniedereve.com\/en\/ceremonie-a-letranger#breadcrumb\",\"itemListElement\":[{\"@type\":\"ListItem\",\"position\":1,\"name\":\"Accueil\",\"item\":\"https:\/\/www.ceremoniedereve.com\/en\/wedding-ceremony-in-france\"},{\"@type\":\"ListItem\",\"position\":2,\"name\":\"C\u00e9r\u00e9monie \u00e0 l&#8217;\u00e9tranger\"}]},{\"@type\":\"WebSite\",\"@id\":\"https:\/\/www.ceremoniedereve.com\/#website\",\"url\":\"https:\/\/www.ceremoniedereve.com\/\",\"name\":\"C\u00e9r\u00e9monie de R\u00eave by FLOVINNO\",\"description\":\"Officiant de c\u00e9r\u00e9monie la\u00efque\",\"potentialAction\":[{\"@type\":\"SearchAction\",\"target\":{\"@type\":\"EntryPoint\",\"urlTemplate\":\"https:\/\/www.ceremoniedereve.com\/?s={search_term_string}\"},\"query-input\":{\"@type\":\"PropertyValueSpecification\",\"valueRequired\":true,\"valueName\":\"search_term_string\"}}],\"inLanguage\":\"en-US\"}]}<\/script>\n<!-- \/ Yoast SEO plugin. -->","yoast_head_json":{"title":"C\u00e9r\u00e9monie de mariage \u00e0 l'\u00e9tranger - C\u00e9r\u00e9monie de R\u00eave by FLOVINNO","description":"Nous vous accompagnons dans votre c\u00e9r\u00e9monie \u00e0 l'\u00e9tranger. Partez vous marier le coeur l\u00e9g\u00e9, venez d\u00e9couvrir nos 6 destinations de r\u00eaves !","robots":{"index":"index","follow":"follow","max-snippet":"max-snippet:-1","max-image-preview":"max-image-preview:large","max-video-preview":"max-video-preview:-1"},"canonical":"https:\/\/www.ceremoniedereve.com\/en\/ceremonie-a-letranger","og_locale":"en_US","og_type":"article","og_title":"C\u00e9r\u00e9monie de mariage \u00e0 l'\u00e9tranger - C\u00e9r\u00e9monie de R\u00eave by FLOVINNO","og_description":"Nous vous accompagnons dans votre c\u00e9r\u00e9monie \u00e0 l'\u00e9tranger. Partez vous marier le coeur l\u00e9g\u00e9, venez d\u00e9couvrir nos 6 destinations de r\u00eaves !","og_url":"https:\/\/www.ceremoniedereve.com\/en\/ceremonie-a-letranger","og_site_name":"C\u00e9r\u00e9monie de R\u00eave by FLOVINNO","article_publisher":"https:\/\/www.facebook.com\/flovinno.wedding.planner\/","article_modified_time":"2023-12-12T21:43:22+00:00","twitter_card":"summary_large_image","twitter_site":"@nocedereve","twitter_misc":{"Est. reading time":"8 minutes"},"schema":{"@context":"https:\/\/schema.org","@graph":[{"@type":"WebPage","@id":"https:\/\/www.ceremoniedereve.com\/en\/ceremonie-a-letranger","url":"https:\/\/www.ceremoniedereve.com\/en\/ceremonie-a-letranger","name":"C\u00e9r\u00e9monie de mariage \u00e0 l'\u00e9tranger - C\u00e9r\u00e9monie de R\u00eave by FLOVINNO","isPartOf":{"@id":"https:\/\/www.ceremoniedereve.com\/#website"},"datePublished":"2017-06-09T15:00:09+00:00","dateModified":"2023-12-12T21:43:22+00:00","description":"Nous vous accompagnons dans votre c\u00e9r\u00e9monie \u00e0 l'\u00e9tranger. Partez vous marier le coeur l\u00e9g\u00e9, venez d\u00e9couvrir nos 6 destinations de r\u00eaves !","breadcrumb":{"@id":"https:\/\/www.ceremoniedereve.com\/en\/ceremonie-a-letranger#breadcrumb"},"inLanguage":"en-US","potentialAction":[{"@type":"ReadAction","target":["https:\/\/www.ceremoniedereve.com\/en\/ceremonie-a-letranger"]}]},{"@type":"BreadcrumbList","@id":"https:\/\/www.ceremoniedereve.com\/en\/ceremonie-a-letranger#breadcrumb","itemListElement":[{"@type":"ListItem","position":1,"name":"Accueil","item":"https:\/\/www.ceremoniedereve.com\/en\/wedding-ceremony-in-france"},{"@type":"ListItem","position":2,"name":"C\u00e9r\u00e9monie \u00e0 l&#8217;\u00e9tranger"}]},{"@type":"WebSite","@id":"https:\/\/www.ceremoniedereve.com\/#website","url":"https:\/\/www.ceremoniedereve.com\/","name":"C\u00e9r\u00e9monie de R\u00eave by FLOVINNO","description":"Officiant de c\u00e9r\u00e9monie la\u00efque","potentialAction":[{"@type":"SearchAction","target":{"@type":"EntryPoint","urlTemplate":"https:\/\/www.ceremoniedereve.com\/?s={search_term_string}"},"query-input":{"@type":"PropertyValueSpecification","valueRequired":true,"valueName":"search_term_string"}}],"inLanguage":"en-US"}]}},"_links":{"self":[{"href":"https:\/\/www.ceremoniedereve.com\/en\/wp-json\/wp\/v2\/pages\/2178","targetHints":{"allow":["GET"]}}],"collection":[{"href":"https:\/\/www.ceremoniedereve.com\/en\/wp-json\/wp\/v2\/pages"}],"about":[{"href":"https:\/\/www.ceremoniedereve.com\/en\/wp-json\/wp\/v2\/types\/page"}],"author":[{"embeddable":true,"href":"https:\/\/www.ceremoniedereve.com\/en\/wp-json\/wp\/v2\/users\/3"}],"replies":[{"embeddable":true,"href":"https:\/\/www.ceremoniedereve.com\/en\/wp-json\/wp\/v2\/comments?post=2178"}],"version-history":[{"count":2,"href":"https:\/\/www.ceremoniedereve.com\/en\/wp-json\/wp\/v2\/pages\/2178\/revisions"}],"predecessor-version":[{"id":4243,"href":"https:\/\/www.ceremoniedereve.com\/en\/wp-json\/wp\/v2\/pages\/2178\/revisions\/4243"}],"wp:attachment":[{"href":"https:\/\/www.ceremoniedereve.com\/en\/wp-json\/wp\/v2\/media?parent=2178"}],"curies":[{"name":"wp","href":"https:\/\/api.w.org\/{rel}","templated":true}]}}