{"id":2894,"date":"2022-01-25T15:39:57","date_gmt":"2022-01-25T14:39:57","guid":{"rendered":"https:\/\/www.ceremoniedereve.com\/?page_id=2894"},"modified":"2022-01-25T16:13:49","modified_gmt":"2022-01-25T15:13:49","slug":"gallery","status":"publish","type":"page","link":"https:\/\/www.ceremoniedereve.com\/en\/gallery","title":{"rendered":"Gallery"},"content":{"rendered":"<div id='av-layout-grid-1'  class='av-layout-grid-container av-f4thi5-222904b1a8999e936355a1c938e08b6b entry-content-wrapper main_color av-flex-cells  avia-builder-el-0  el_before_av_masonry_entries  avia-builder-el-first  container portfolio  container_wrap sidebar_right'  >\n\n<style type=\"text\/css\" data-created_by=\"avia_inline_auto\" id=\"style-css-av-c4xyel-2b966017d69018b56800a5592a27cfbe\">\n.flex_cell.av-c4xyel-2b966017d69018b56800a5592a27cfbe{\nvertical-align:top;\n}\n.responsive #top #wrap_all .flex_cell.av-c4xyel-2b966017d69018b56800a5592a27cfbe{\npadding:50px 0 0 0 !important;\n}\n<\/style>\n<div class='flex_cell av-c4xyel-2b966017d69018b56800a5592a27cfbe av-gridrow-cell av_one_full no_margin  avia-builder-el-1  avia-builder-el-no-sibling  content-align-top'  ><div class='flex_cell_inner'><p><div class='flex_column_table av-7jsycd-9f533928a52d99b742ef9da299e03f0d sc-av_two_third av-equal-height-column-flextable'>\n<style type=\"text\/css\" data-created_by=\"avia_inline_auto\" id=\"style-css-av-7jsycd-9f533928a52d99b742ef9da299e03f0d\">\n#top .flex_column_table.av-equal-height-column-flextable.av-7jsycd-9f533928a52d99b742ef9da299e03f0d{\nmargin-top:30px;\nmargin-bottom:0px;\n}\n.flex_column.av-7jsycd-9f533928a52d99b742ef9da299e03f0d{\nborder-radius:0px 0px 0px 0px;\npadding:0px 0px 0px 0px;\n}\n<\/style>\n<div  class='flex_column av-7jsycd-9f533928a52d99b742ef9da299e03f0d av_two_third  avia-builder-el-2  el_before_av_one_third  avia-builder-el-first  first flex_column_table_cell av-equal-height-column av-align-bottom av-zero-column-padding  '     ><style type=\"text\/css\" data-created_by=\"avia_inline_auto\" id=\"style-css-av-2b7h6e-db910566b50b58bdaa84735c4fe7d449\">\n#top .av-special-heading.av-2b7h6e-db910566b50b58bdaa84735c4fe7d449{\npadding-bottom:10px;\n}\nbody .av-special-heading.av-2b7h6e-db910566b50b58bdaa84735c4fe7d449 .av-special-heading-tag .heading-char{\nfont-size:25px;\n}\n.av-special-heading.av-2b7h6e-db910566b50b58bdaa84735c4fe7d449 .av-subheading{\nfont-size:15px;\n}\n<\/style>\n<div  class='av-special-heading av-2b7h6e-db910566b50b58bdaa84735c4fe7d449 av-special-heading-h2 blockquote modern-quote modern-centered  avia-builder-el-3  avia-builder-el-no-sibling  citation framboise'><h2 class='av-special-heading-tag '  itemprop=\"headline\"  >Forever is composed of nows<\/h2><div class='av-subheading av-subheading_below'><p>Emilie Dickinson<\/p>\n<\/div><div class=\"special-heading-border\"><div class=\"special-heading-inner-border\"><\/div><\/div><\/div><\/div><div class='av-flex-placeholder'><\/div>\n<style type=\"text\/css\" data-created_by=\"avia_inline_auto\" id=\"style-css-av-7jsycd-55e258fd6d06e4fdc0fdb2d28e07f430\">\n#top .flex_column_table.av-equal-height-column-flextable.av-7jsycd-55e258fd6d06e4fdc0fdb2d28e07f430{\nmargin-top:30px;\nmargin-bottom:0px;\n}\n.flex_column.av-7jsycd-55e258fd6d06e4fdc0fdb2d28e07f430{\nborder-radius:0px 0px 0px 0px;\npadding:0px 0px 0px 0px;\n}\n<\/style>\n<div  class='flex_column av-7jsycd-55e258fd6d06e4fdc0fdb2d28e07f430 av_one_third  avia-builder-el-4  el_after_av_two_third  avia-builder-el-last  flex_column_table_cell av-equal-height-column av-align-bottom av-zero-column-padding  '     ><section  class='av_textblock_section av-kcc9l0be-bef74115e4728dd78bae6d22c062f56f '   itemscope=\"itemscope\" itemtype=\"https:\/\/schema.org\/CreativeWork\" ><div class='avia_textblock'  itemprop=\"text\" ><h2 style=\"text-align: right;\">Moments de bonheur<\/h2>\n<\/div><\/section><\/div><\/div><!--close column table wrapper. Autoclose: 1 --><\/p>\n<\/div><\/div>\n<\/div>\n\n","protected":false},"excerpt":{"rendered":"","protected":false},"author":13,"featured_media":0,"parent":0,"menu_order":0,"comment_status":"closed","ping_status":"closed","template":"","meta":{"_exactmetrics_skip_tracking":false,"_exactmetrics_sitenote_active":false,"_exactmetrics_sitenote_note":"","_exactmetrics_sitenote_category":0,"footnotes":""},"class_list":["post-2894","page","type-page","status-publish","hentry"],"yoast_head":"<!-- This site is optimized with the Yoast SEO plugin v26.9 - https:\/\/yoast.com\/product\/yoast-seo-wordpress\/ -->\n<title>Gallery - C\u00e9r\u00e9monie de R\u00eave by FLOVINNO<\/title>\n<meta name=\"robots\" content=\"index, follow, max-snippet:-1, max-image-preview:large, max-video-preview:-1\" \/>\n<link rel=\"canonical\" href=\"https:\/\/www.ceremoniedereve.com\/en\/gallery\" \/>\n<meta property=\"og:locale\" content=\"en_US\" \/>\n<meta property=\"og:type\" content=\"article\" \/>\n<meta property=\"og:title\" content=\"Gallery - C\u00e9r\u00e9monie de R\u00eave by FLOVINNO\" \/>\n<meta property=\"og:url\" content=\"https:\/\/www.ceremoniedereve.com\/en\/gallery\" \/>\n<meta property=\"og:site_name\" content=\"C\u00e9r\u00e9monie de R\u00eave by FLOVINNO\" \/>\n<meta property=\"article:publisher\" content=\"https:\/\/www.facebook.com\/flovinno.wedding.planner\/\" \/>\n<meta property=\"article:modified_time\" content=\"2022-01-25T15:13:49+00:00\" \/>\n<meta name=\"twitter:card\" content=\"summary_large_image\" \/>\n<meta name=\"twitter:site\" content=\"@nocedereve\" \/>\n<meta name=\"twitter:label1\" content=\"Est. reading time\" \/>\n\t<meta name=\"twitter:data1\" content=\"3 minutes\" \/>\n<script type=\"application\/ld+json\" class=\"yoast-schema-graph\">{\"@context\":\"https:\/\/schema.org\",\"@graph\":[{\"@type\":\"WebPage\",\"@id\":\"https:\/\/www.ceremoniedereve.com\/en\/gallery\",\"url\":\"https:\/\/www.ceremoniedereve.com\/en\/gallery\",\"name\":\"Gallery - C\u00e9r\u00e9monie de R\u00eave by FLOVINNO\",\"isPartOf\":{\"@id\":\"https:\/\/www.ceremoniedereve.com\/#website\"},\"datePublished\":\"2022-01-25T14:39:57+00:00\",\"dateModified\":\"2022-01-25T15:13:49+00:00\",\"breadcrumb\":{\"@id\":\"https:\/\/www.ceremoniedereve.com\/en\/gallery#breadcrumb\"},\"inLanguage\":\"en-US\",\"potentialAction\":[{\"@type\":\"ReadAction\",\"target\":[\"https:\/\/www.ceremoniedereve.com\/en\/gallery\"]}]},{\"@type\":\"BreadcrumbList\",\"@id\":\"https:\/\/www.ceremoniedereve.com\/en\/gallery#breadcrumb\",\"itemListElement\":[{\"@type\":\"ListItem\",\"position\":1,\"name\":\"Accueil\",\"item\":\"https:\/\/www.ceremoniedereve.com\/en\/wedding-ceremony-in-france\"},{\"@type\":\"ListItem\",\"position\":2,\"name\":\"Gallery\"}]},{\"@type\":\"WebSite\",\"@id\":\"https:\/\/www.ceremoniedereve.com\/#website\",\"url\":\"https:\/\/www.ceremoniedereve.com\/\",\"name\":\"C\u00e9r\u00e9monie de R\u00eave by FLOVINNO\",\"description\":\"Officiant de c\u00e9r\u00e9monie la\u00efque\",\"potentialAction\":[{\"@type\":\"SearchAction\",\"target\":{\"@type\":\"EntryPoint\",\"urlTemplate\":\"https:\/\/www.ceremoniedereve.com\/?s={search_term_string}\"},\"query-input\":{\"@type\":\"PropertyValueSpecification\",\"valueRequired\":true,\"valueName\":\"search_term_string\"}}],\"inLanguage\":\"en-US\"}]}<\/script>\n<!-- \/ Yoast SEO plugin. -->","yoast_head_json":{"title":"Gallery - C\u00e9r\u00e9monie de R\u00eave by FLOVINNO","robots":{"index":"index","follow":"follow","max-snippet":"max-snippet:-1","max-image-preview":"max-image-preview:large","max-video-preview":"max-video-preview:-1"},"canonical":"https:\/\/www.ceremoniedereve.com\/en\/gallery","og_locale":"en_US","og_type":"article","og_title":"Gallery - C\u00e9r\u00e9monie de R\u00eave by FLOVINNO","og_url":"https:\/\/www.ceremoniedereve.com\/en\/gallery","og_site_name":"C\u00e9r\u00e9monie de R\u00eave by FLOVINNO","article_publisher":"https:\/\/www.facebook.com\/flovinno.wedding.planner\/","article_modified_time":"2022-01-25T15:13:49+00:00","twitter_card":"summary_large_image","twitter_site":"@nocedereve","twitter_misc":{"Est. reading time":"3 minutes"},"schema":{"@context":"https:\/\/schema.org","@graph":[{"@type":"WebPage","@id":"https:\/\/www.ceremoniedereve.com\/en\/gallery","url":"https:\/\/www.ceremoniedereve.com\/en\/gallery","name":"Gallery - C\u00e9r\u00e9monie de R\u00eave by FLOVINNO","isPartOf":{"@id":"https:\/\/www.ceremoniedereve.com\/#website"},"datePublished":"2022-01-25T14:39:57+00:00","dateModified":"2022-01-25T15:13:49+00:00","breadcrumb":{"@id":"https:\/\/www.ceremoniedereve.com\/en\/gallery#breadcrumb"},"inLanguage":"en-US","potentialAction":[{"@type":"ReadAction","target":["https:\/\/www.ceremoniedereve.com\/en\/gallery"]}]},{"@type":"BreadcrumbList","@id":"https:\/\/www.ceremoniedereve.com\/en\/gallery#breadcrumb","itemListElement":[{"@type":"ListItem","position":1,"name":"Accueil","item":"https:\/\/www.ceremoniedereve.com\/en\/wedding-ceremony-in-france"},{"@type":"ListItem","position":2,"name":"Gallery"}]},{"@type":"WebSite","@id":"https:\/\/www.ceremoniedereve.com\/#website","url":"https:\/\/www.ceremoniedereve.com\/","name":"C\u00e9r\u00e9monie de R\u00eave by FLOVINNO","description":"Officiant de c\u00e9r\u00e9monie la\u00efque","potentialAction":[{"@type":"SearchAction","target":{"@type":"EntryPoint","urlTemplate":"https:\/\/www.ceremoniedereve.com\/?s={search_term_string}"},"query-input":{"@type":"PropertyValueSpecification","valueRequired":true,"valueName":"search_term_string"}}],"inLanguage":"en-US"}]}},"_links":{"self":[{"href":"https:\/\/www.ceremoniedereve.com\/en\/wp-json\/wp\/v2\/pages\/2894","targetHints":{"allow":["GET"]}}],"collection":[{"href":"https:\/\/www.ceremoniedereve.com\/en\/wp-json\/wp\/v2\/pages"}],"about":[{"href":"https:\/\/www.ceremoniedereve.com\/en\/wp-json\/wp\/v2\/types\/page"}],"author":[{"embeddable":true,"href":"https:\/\/www.ceremoniedereve.com\/en\/wp-json\/wp\/v2\/users\/13"}],"replies":[{"embeddable":true,"href":"https:\/\/www.ceremoniedereve.com\/en\/wp-json\/wp\/v2\/comments?post=2894"}],"version-history":[{"count":0,"href":"https:\/\/www.ceremoniedereve.com\/en\/wp-json\/wp\/v2\/pages\/2894\/revisions"}],"wp:attachment":[{"href":"https:\/\/www.ceremoniedereve.com\/en\/wp-json\/wp\/v2\/media?parent=2894"}],"curies":[{"name":"wp","href":"https:\/\/api.w.org\/{rel}","templated":true}]}}